{"id":42,"date":"2024-02-18T01:51:45","date_gmt":"2024-02-18T04:51:45","guid":{"rendered":"https:\/\/fepresets.com\/?page_id=42"},"modified":"2024-03-19T14:00:40","modified_gmt":"2024-03-19T17:00:40","slug":"home","status":"publish","type":"page","link":"https:\/\/fepresets.com\/","title":{"rendered":"Home"},"content":{"rendered":"\t\t<div data-elementor-type=\"wp-page\" data-elementor-id=\"42\" class=\"elementor elementor-42\">\n\t\t\t\t<a class=\"elementor-element elementor-element-bc0aef9 e-flex e-con-boxed elementor-invisible e-con e-parent\" data-id=\"bc0aef9\" data-element_type=\"container\" data-settings=\"{&quot;background_background&quot;:&quot;classic&quot;,&quot;animation&quot;:&quot;fadeIn&quot;,&quot;_ha_eqh_enable&quot;:false}\" href=\"https:\/\/fepresets.com\/index.php\/loja\/\">\n\t\t\t\t\t<div class=\"e-con-inner\">\n\t\t\t\t\t<\/div>\n\t\t\t\t<\/a>\n\t\t<div class=\"elementor-element elementor-element-60001de e-flex e-con-boxed elementor-invisible e-con e-parent\" data-id=\"60001de\" data-element_type=\"container\" data-settings=\"{&quot;animation&quot;:&quot;fadeIn&quot;,&quot;_ha_eqh_enable&quot;:false}\">\n\t\t\t\t\t<div class=\"e-con-inner\">\n\t\t\t\t<div class=\"elementor-element elementor-element-2945475 elementor-widget__width-initial elementor-widget elementor-widget-heading\" data-id=\"2945475\" data-element_type=\"widget\" data-widget_type=\"heading.default\">\n\t\t\t\t<div class=\"elementor-widget-container\">\n\t\t\t<h2 class=\"elementor-heading-title elementor-size-default\">ESCOLHA SUA MARCA FAVORITA:<\/h2>\t\t<\/div>\n\t\t\t\t<\/div>\n\t\t\t\t<div class=\"elementor-element elementor-element-625f181 elementor-align-right elementor-widget__width-initial elementor-widget elementor-widget-button\" data-id=\"625f181\" data-element_type=\"widget\" data-widget_type=\"button.default\">\n\t\t\t\t<div class=\"elementor-widget-container\">\n\t\t\t\t\t<div class=\"elementor-button-wrapper\">\n\t\t\t<a class=\"elementor-button elementor-button-link elementor-size-sm\" href=\"https:\/\/fepresets.com\/index.php\/loja\/\">\n\t\t\t\t\t\t<span class=\"elementor-button-content-wrapper\">\n\t\t\t\t\t\t<span class=\"elementor-button-icon\">\n\t\t\t\t<svg aria-hidden=\"true\" class=\"e-font-icon-svg e-fas-arrow-right\" viewBox=\"0 0 448 512\" xmlns=\"http:\/\/www.w3.org\/2000\/svg\"><path d=\"M190.5 66.9l22.2-22.2c9.4-9.4 24.6-9.4 33.9 0L441 239c9.4 9.4 9.4 24.6 0 33.9L246.6 467.3c-9.4 9.4-24.6 9.4-33.9 0l-22.2-22.2c-9.5-9.5-9.3-25 .4-34.3L311.4 296H24c-13.3 0-24-10.7-24-24v-32c0-13.3 10.7-24 24-24h287.4L190.9 101.2c-9.8-9.3-10-24.8-.4-34.3z\"><\/path><\/svg>\t\t\t<\/span>\n\t\t\t\t\t\t\t\t\t<span class=\"elementor-button-text\">Ver tudo<\/span>\n\t\t\t\t\t<\/span>\n\t\t\t\t\t<\/a>\n\t\t<\/div>\n\t\t\t\t<\/div>\n\t\t\t\t<\/div>\n\t\t\t\t<div class=\"elementor-element elementor-element-4ba9d7e elementor-widget__width-initial elementor-position-top elementor-widget elementor-widget-image-box\" data-id=\"4ba9d7e\" data-element_type=\"widget\" data-widget_type=\"image-box.default\">\n\t\t\t\t<div class=\"elementor-widget-container\">\n\t\t\t<div class=\"elementor-image-box-wrapper\"><figure class=\"elementor-image-box-img\"><a href=\"https:\/\/fepresets.com\/index.php\/categoria-produto\/line-6\/\" tabindex=\"-1\"><img fetchpriority=\"high\" decoding=\"async\" width=\"300\" height=\"300\" src=\"https:\/\/fepresets.com\/wp-content\/uploads\/2024\/02\/GALERIA-LINE-6.png\" class=\"elementor-animation-grow attachment-medium size-medium wp-image-182\" alt=\"\" srcset=\"https:\/\/fepresets.com\/wp-content\/uploads\/2024\/02\/GALERIA-LINE-6.png 300w, https:\/\/fepresets.com\/wp-content\/uploads\/2024\/02\/GALERIA-LINE-6-100x100.png 100w, https:\/\/fepresets.com\/wp-content\/uploads\/2024\/02\/GALERIA-LINE-6-64x64.png 64w, https:\/\/fepresets.com\/wp-content\/uploads\/2024\/02\/GALERIA-LINE-6-150x150.png 150w\" sizes=\"(max-width: 300px) 100vw, 300px\" \/><\/a><\/figure><div class=\"elementor-image-box-content\"><h3 class=\"elementor-image-box-title\"><a href=\"https:\/\/fepresets.com\/index.php\/categoria-produto\/line-6\/\">LINE 6<\/a><\/h3><\/div><\/div>\t\t<\/div>\n\t\t\t\t<\/div>\n\t\t\t\t<div class=\"elementor-element elementor-element-d1689c5 elementor-widget__width-initial elementor-position-top elementor-widget elementor-widget-image-box\" data-id=\"d1689c5\" data-element_type=\"widget\" data-widget_type=\"image-box.default\">\n\t\t\t\t<div class=\"elementor-widget-container\">\n\t\t\t<div class=\"elementor-image-box-wrapper\"><figure class=\"elementor-image-box-img\"><a href=\"https:\/\/fepresets.com\/index.php\/categoria-produto\/hotone\/\" tabindex=\"-1\"><img decoding=\"async\" width=\"300\" height=\"300\" src=\"https:\/\/fepresets.com\/wp-content\/uploads\/2024\/02\/GALERIA-HOTONE.png\" class=\"elementor-animation-grow attachment-full size-full wp-image-181\" alt=\"\" srcset=\"https:\/\/fepresets.com\/wp-content\/uploads\/2024\/02\/GALERIA-HOTONE.png 300w, https:\/\/fepresets.com\/wp-content\/uploads\/2024\/02\/GALERIA-HOTONE-100x100.png 100w, https:\/\/fepresets.com\/wp-content\/uploads\/2024\/02\/GALERIA-HOTONE-64x64.png 64w, https:\/\/fepresets.com\/wp-content\/uploads\/2024\/02\/GALERIA-HOTONE-150x150.png 150w\" sizes=\"(max-width: 300px) 100vw, 300px\" \/><\/a><\/figure><div class=\"elementor-image-box-content\"><h3 class=\"elementor-image-box-title\"><a href=\"https:\/\/fepresets.com\/index.php\/categoria-produto\/hotone\/\">HOTONE<\/a><\/h3><\/div><\/div>\t\t<\/div>\n\t\t\t\t<\/div>\n\t\t\t\t<div class=\"elementor-element elementor-element-52c4d70 elementor-widget__width-initial elementor-position-top elementor-widget elementor-widget-image-box\" data-id=\"52c4d70\" data-element_type=\"widget\" data-widget_type=\"image-box.default\">\n\t\t\t\t<div class=\"elementor-widget-container\">\n\t\t\t<div class=\"elementor-image-box-wrapper\"><figure class=\"elementor-image-box-img\"><a href=\"https:\/\/fepresets.com\/index.php\/categoria-produto\/boss\/\" tabindex=\"-1\"><img decoding=\"async\" width=\"300\" height=\"300\" src=\"https:\/\/fepresets.com\/wp-content\/uploads\/2024\/02\/GALERIA-BOSS.png\" class=\"elementor-animation-grow attachment-full size-full wp-image-180\" alt=\"\" srcset=\"https:\/\/fepresets.com\/wp-content\/uploads\/2024\/02\/GALERIA-BOSS.png 300w, https:\/\/fepresets.com\/wp-content\/uploads\/2024\/02\/GALERIA-BOSS-100x100.png 100w, https:\/\/fepresets.com\/wp-content\/uploads\/2024\/02\/GALERIA-BOSS-64x64.png 64w, https:\/\/fepresets.com\/wp-content\/uploads\/2024\/02\/GALERIA-BOSS-150x150.png 150w\" sizes=\"(max-width: 300px) 100vw, 300px\" \/><\/a><\/figure><div class=\"elementor-image-box-content\"><h3 class=\"elementor-image-box-title\"><a href=\"https:\/\/fepresets.com\/index.php\/categoria-produto\/boss\/\">BOSS<\/a><\/h3><\/div><\/div>\t\t<\/div>\n\t\t\t\t<\/div>\n\t\t\t\t<div class=\"elementor-element elementor-element-78c5e62 elementor-widget__width-initial elementor-position-top elementor-widget elementor-widget-image-box\" data-id=\"78c5e62\" data-element_type=\"widget\" data-widget_type=\"image-box.default\">\n\t\t\t\t<div class=\"elementor-widget-container\">\n\t\t\t<div class=\"elementor-image-box-wrapper\"><figure class=\"elementor-image-box-img\"><a href=\"https:\/\/fepresets.com\/index.php\/categoria-produto\/zoom\/\" tabindex=\"-1\"><img loading=\"lazy\" decoding=\"async\" width=\"300\" height=\"300\" src=\"https:\/\/fepresets.com\/wp-content\/uploads\/2024\/02\/GALERIA-ZOOM.png\" class=\"elementor-animation-grow attachment-full size-full wp-image-185\" alt=\"\" srcset=\"https:\/\/fepresets.com\/wp-content\/uploads\/2024\/02\/GALERIA-ZOOM.png 300w, https:\/\/fepresets.com\/wp-content\/uploads\/2024\/02\/GALERIA-ZOOM-100x100.png 100w, https:\/\/fepresets.com\/wp-content\/uploads\/2024\/02\/GALERIA-ZOOM-64x64.png 64w, https:\/\/fepresets.com\/wp-content\/uploads\/2024\/02\/GALERIA-ZOOM-150x150.png 150w\" sizes=\"(max-width: 300px) 100vw, 300px\" \/><\/a><\/figure><div class=\"elementor-image-box-content\"><h3 class=\"elementor-image-box-title\"><a href=\"https:\/\/fepresets.com\/index.php\/categoria-produto\/zoom\/\">ZOOM<\/a><\/h3><\/div><\/div>\t\t<\/div>\n\t\t\t\t<\/div>\n\t\t\t\t<div class=\"elementor-element elementor-element-69beadd elementor-widget__width-initial elementor-position-top elementor-widget elementor-widget-image-box\" data-id=\"69beadd\" data-element_type=\"widget\" data-widget_type=\"image-box.default\">\n\t\t\t\t<div class=\"elementor-widget-container\">\n\t\t\t<div class=\"elementor-image-box-wrapper\"><figure class=\"elementor-image-box-img\"><a href=\"https:\/\/fepresets.com\/index.php\/categoria-produto\/mooer\/\" tabindex=\"-1\"><img loading=\"lazy\" decoding=\"async\" width=\"300\" height=\"300\" src=\"https:\/\/fepresets.com\/wp-content\/uploads\/2024\/02\/GALERIA-MOOER.png\" class=\"elementor-animation-grow attachment-full size-full wp-image-184\" alt=\"\" srcset=\"https:\/\/fepresets.com\/wp-content\/uploads\/2024\/02\/GALERIA-MOOER.png 300w, https:\/\/fepresets.com\/wp-content\/uploads\/2024\/02\/GALERIA-MOOER-100x100.png 100w, https:\/\/fepresets.com\/wp-content\/uploads\/2024\/02\/GALERIA-MOOER-64x64.png 64w, https:\/\/fepresets.com\/wp-content\/uploads\/2024\/02\/GALERIA-MOOER-150x150.png 150w\" sizes=\"(max-width: 300px) 100vw, 300px\" \/><\/a><\/figure><div class=\"elementor-image-box-content\"><h3 class=\"elementor-image-box-title\"><a href=\"https:\/\/fepresets.com\/index.php\/categoria-produto\/mooer\/\">MOOER<\/a><\/h3><\/div><\/div>\t\t<\/div>\n\t\t\t\t<\/div>\n\t\t\t\t<div class=\"elementor-element elementor-element-76d64e8 elementor-widget__width-initial elementor-position-top elementor-widget elementor-widget-image-box\" data-id=\"76d64e8\" data-element_type=\"widget\" data-widget_type=\"image-box.default\">\n\t\t\t\t<div class=\"elementor-widget-container\">\n\t\t\t<div class=\"elementor-image-box-wrapper\"><figure class=\"elementor-image-box-img\"><a href=\"https:\/\/fepresets.com\/index.php\/categoria-produto\/m-vave\/\" tabindex=\"-1\"><img loading=\"lazy\" decoding=\"async\" width=\"300\" height=\"300\" src=\"https:\/\/fepresets.com\/wp-content\/uploads\/2024\/02\/GALERIA-M-VAVE.png\" class=\"elementor-animation-grow attachment-full size-full wp-image-183\" alt=\"\" srcset=\"https:\/\/fepresets.com\/wp-content\/uploads\/2024\/02\/GALERIA-M-VAVE.png 300w, https:\/\/fepresets.com\/wp-content\/uploads\/2024\/02\/GALERIA-M-VAVE-100x100.png 100w, https:\/\/fepresets.com\/wp-content\/uploads\/2024\/02\/GALERIA-M-VAVE-64x64.png 64w, https:\/\/fepresets.com\/wp-content\/uploads\/2024\/02\/GALERIA-M-VAVE-150x150.png 150w\" sizes=\"(max-width: 300px) 100vw, 300px\" \/><\/a><\/figure><div class=\"elementor-image-box-content\"><h3 class=\"elementor-image-box-title\"><a href=\"https:\/\/fepresets.com\/index.php\/categoria-produto\/m-vave\/\">M-VAVE<\/a><\/h3><\/div><\/div>\t\t<\/div>\n\t\t\t\t<\/div>\n\t\t\t\t\t<\/div>\n\t\t\t\t<\/div>\n\t\t<div class=\"elementor-element elementor-element-9024f51 animated-slow e-flex e-con-boxed elementor-invisible e-con e-parent\" data-id=\"9024f51\" data-element_type=\"container\" data-settings=\"{&quot;animation&quot;:&quot;fadeIn&quot;,&quot;_ha_eqh_enable&quot;:false}\">\n\t\t\t\t\t<div class=\"e-con-inner\">\n\t\t\t\t<div class=\"elementor-element elementor-element-089d2b2 elementor-widget-divider--view-line_text elementor-widget-divider--element-align-center elementor-widget elementor-widget-divider\" data-id=\"089d2b2\" data-element_type=\"widget\" data-widget_type=\"divider.default\">\n\t\t\t\t<div class=\"elementor-widget-container\">\n\t\t\t\t\t<div class=\"elementor-divider\">\n\t\t\t<span class=\"elementor-divider-separator\">\n\t\t\t\t\t\t\t<span class=\"elementor-divider__text elementor-divider__element\">\n\t\t\t\tLAN\u00c7AMENTOS\t\t\t\t<\/span>\n\t\t\t\t\t\t<\/span>\n\t\t<\/div>\n\t\t\t\t<\/div>\n\t\t\t\t<\/div>\n\t\t\t\t<div class=\"elementor-element elementor-element-a05da58 elementor-align-center elementor-widget elementor-widget-shopengine-product-list\" data-id=\"a05da58\" data-element_type=\"widget\" data-widget_type=\"shopengine-product-list.default\">\n\t\t\t\t<div class=\"elementor-widget-container\">\n\t\t\t<div class=\"shopengine shopengine-widget\"><\/div>\t\t<\/div>\n\t\t\t\t<\/div>\n\t\t<div class=\"elementor-element elementor-element-cca7964 animated-slow e-flex e-con-boxed elementor-invisible e-con e-child\" data-id=\"cca7964\" data-element_type=\"container\" data-settings=\"{&quot;animation&quot;:&quot;fadeIn&quot;,&quot;animation_delay&quot;:300,&quot;_ha_eqh_enable&quot;:false}\">\n\t\t\t\t\t<div class=\"e-con-inner\">\n\t\t\t\t<div class=\"elementor-element elementor-element-6823d62 elementor-widget__width-initial elementor-widget elementor-widget-image\" data-id=\"6823d62\" data-element_type=\"widget\" data-widget_type=\"image.default\">\n\t\t\t\t<div class=\"elementor-widget-container\">\n\t\t\t\t\t\t\t\t\t\t\t\t\t\t<a href=\"https:\/\/fepresets.com\/index.php\/categoria-produto\/pedaleiras\/\">\n\t\t\t\t\t\t\t<img loading=\"lazy\" decoding=\"async\" width=\"1080\" height=\"1300\" src=\"https:\/\/fepresets.com\/wp-content\/uploads\/2024\/02\/PEDALEIRAS.png\" class=\"elementor-animation-float attachment-full size-full wp-image-194\" alt=\"\" srcset=\"https:\/\/fepresets.com\/wp-content\/uploads\/2024\/02\/PEDALEIRAS.png 1080w, https:\/\/fepresets.com\/wp-content\/uploads\/2024\/02\/PEDALEIRAS-600x722.png 600w, https:\/\/fepresets.com\/wp-content\/uploads\/2024\/02\/PEDALEIRAS-64x77.png 64w, https:\/\/fepresets.com\/wp-content\/uploads\/2024\/02\/PEDALEIRAS-249x300.png 249w, https:\/\/fepresets.com\/wp-content\/uploads\/2024\/02\/PEDALEIRAS-851x1024.png 851w, https:\/\/fepresets.com\/wp-content\/uploads\/2024\/02\/PEDALEIRAS-768x924.png 768w\" sizes=\"(max-width: 1080px) 100vw, 1080px\" \/>\t\t\t\t\t\t\t\t<\/a>\n\t\t\t\t\t\t\t\t\t\t\t\t\t<\/div>\n\t\t\t\t<\/div>\n\t\t\t\t<div class=\"elementor-element elementor-element-1be42f2 elementor-widget__width-initial elementor-widget elementor-widget-image\" data-id=\"1be42f2\" data-element_type=\"widget\" data-widget_type=\"image.default\">\n\t\t\t\t<div class=\"elementor-widget-container\">\n\t\t\t\t\t\t\t\t\t\t\t\t\t\t<a href=\"https:\/\/fepresets.com\/index.php\/categoria-produto\/stomp\/\">\n\t\t\t\t\t\t\t<img loading=\"lazy\" decoding=\"async\" width=\"1080\" height=\"1300\" src=\"https:\/\/fepresets.com\/wp-content\/uploads\/2024\/02\/STOMPS.png\" class=\"elementor-animation-float attachment-full size-full wp-image-195\" alt=\"\" srcset=\"https:\/\/fepresets.com\/wp-content\/uploads\/2024\/02\/STOMPS.png 1080w, https:\/\/fepresets.com\/wp-content\/uploads\/2024\/02\/STOMPS-600x722.png 600w, https:\/\/fepresets.com\/wp-content\/uploads\/2024\/02\/STOMPS-64x77.png 64w, https:\/\/fepresets.com\/wp-content\/uploads\/2024\/02\/STOMPS-249x300.png 249w, https:\/\/fepresets.com\/wp-content\/uploads\/2024\/02\/STOMPS-851x1024.png 851w, https:\/\/fepresets.com\/wp-content\/uploads\/2024\/02\/STOMPS-768x924.png 768w\" sizes=\"(max-width: 1080px) 100vw, 1080px\" \/>\t\t\t\t\t\t\t\t<\/a>\n\t\t\t\t\t\t\t\t\t\t\t\t\t<\/div>\n\t\t\t\t<\/div>\n\t\t\t\t<div class=\"elementor-element elementor-element-e0fd985 elementor-widget__width-initial elementor-widget elementor-widget-image\" data-id=\"e0fd985\" data-element_type=\"widget\" data-widget_type=\"image.default\">\n\t\t\t\t<div class=\"elementor-widget-container\">\n\t\t\t\t\t\t\t\t\t\t\t\t\t\t<a href=\"https:\/\/fepresets.com\/index.php\/categoria-produto\/pedais\/\">\n\t\t\t\t\t\t\t<img loading=\"lazy\" decoding=\"async\" width=\"1080\" height=\"1300\" src=\"https:\/\/fepresets.com\/wp-content\/uploads\/2024\/02\/PEDAIS.png\" class=\"elementor-animation-float attachment-full size-full wp-image-193\" alt=\"\" srcset=\"https:\/\/fepresets.com\/wp-content\/uploads\/2024\/02\/PEDAIS.png 1080w, https:\/\/fepresets.com\/wp-content\/uploads\/2024\/02\/PEDAIS-600x722.png 600w, https:\/\/fepresets.com\/wp-content\/uploads\/2024\/02\/PEDAIS-64x77.png 64w, https:\/\/fepresets.com\/wp-content\/uploads\/2024\/02\/PEDAIS-249x300.png 249w, https:\/\/fepresets.com\/wp-content\/uploads\/2024\/02\/PEDAIS-851x1024.png 851w, https:\/\/fepresets.com\/wp-content\/uploads\/2024\/02\/PEDAIS-768x924.png 768w\" sizes=\"(max-width: 1080px) 100vw, 1080px\" \/>\t\t\t\t\t\t\t\t<\/a>\n\t\t\t\t\t\t\t\t\t\t\t\t\t<\/div>\n\t\t\t\t<\/div>\n\t\t\t\t\t<\/div>\n\t\t\t\t<\/div>\n\t\t\t\t<div class=\"elementor-element elementor-element-97ce438 elementor-widget-divider--view-line_text elementor-widget-divider--element-align-center elementor-widget elementor-widget-divider\" data-id=\"97ce438\" data-element_type=\"widget\" data-widget_type=\"divider.default\">\n\t\t\t\t<div class=\"elementor-widget-container\">\n\t\t\t\t\t<div class=\"elementor-divider\">\n\t\t\t<span class=\"elementor-divider-separator\">\n\t\t\t\t\t\t\t<span class=\"elementor-divider__text elementor-divider__element\">\n\t\t\t\tA GALERA CURTE\t\t\t\t<\/span>\n\t\t\t\t\t\t<\/span>\n\t\t<\/div>\n\t\t\t\t<\/div>\n\t\t\t\t<\/div>\n\t\t\t\t<div class=\"elementor-element elementor-element-20c4cad elementor-align-center animated-slow elementor-invisible elementor-widget elementor-widget-shopengine-product-list\" data-id=\"20c4cad\" data-element_type=\"widget\" data-settings=\"{&quot;_animation&quot;:&quot;fadeIn&quot;}\" data-widget_type=\"shopengine-product-list.default\">\n\t\t\t\t<div class=\"elementor-widget-container\">\n\t\t\t<div class=\"shopengine shopengine-widget\"><\/div>\t\t<\/div>\n\t\t\t\t<\/div>\n\t\t\t\t\t<\/div>\n\t\t\t\t<\/div>\n\t\t\t\t<\/div>\n\t\t","protected":false},"excerpt":{"rendered":"<p>ESCOLHA SUA MARCA FAVORITA: Ver tudo LINE 6 HOTONE BOSS ZOOM MOOER M-VAVE LAN\u00c7AMENTOS Adquirir pack! PRESETS PACK F\u00ea | AMPERO MINI AMPS Avalia\u00e7\u00e3o 0 de 5(0) &#82;&#36;&nbsp;69,00 Adquirir pack! PEDALEIRAS PACK F\u00ea ZOOM G1ON Avalia\u00e7\u00e3o 0 de 5(0) &#82;&#36;&nbsp;89,00 Adquirir pack! HOTONE PACK F\u00ea | AMPERO MINI Avalia\u00e7\u00e3o 0 de 5(0) &#82;&#36;&nbsp;99,00 Adquirir pack! [&hellip;]<\/p>\n","protected":false},"author":1,"featured_media":0,"parent":0,"menu_order":0,"comment_status":"closed","ping_status":"closed","template":"elementor_header_footer","meta":{"footnotes":""},"_links":{"self":[{"href":"https:\/\/fepresets.com\/index.php\/wp-json\/wp\/v2\/pages\/42"}],"collection":[{"href":"https:\/\/fepresets.com\/index.php\/wp-json\/wp\/v2\/pages"}],"about":[{"href":"https:\/\/fepresets.com\/index.php\/wp-json\/wp\/v2\/types\/page"}],"author":[{"embeddable":true,"href":"https:\/\/fepresets.com\/index.php\/wp-json\/wp\/v2\/users\/1"}],"replies":[{"embeddable":true,"href":"https:\/\/fepresets.com\/index.php\/wp-json\/wp\/v2\/comments?post=42"}],"version-history":[{"count":70,"href":"https:\/\/fepresets.com\/index.php\/wp-json\/wp\/v2\/pages\/42\/revisions"}],"predecessor-version":[{"id":400,"href":"https:\/\/fepresets.com\/index.php\/wp-json\/wp\/v2\/pages\/42\/revisions\/400"}],"wp:attachment":[{"href":"https:\/\/fepresets.com\/index.php\/wp-json\/wp\/v2\/media?parent=42"}],"curies":[{"name":"wp","href":"https:\/\/api.w.org\/{rel}","templated":true}]}}